{"id":4602,"date":"2025-09-24T12:39:42","date_gmt":"2025-09-24T10:39:42","guid":{"rendered":"https:\/\/www.domainedekeryel.fr\/newsletter-subscription-management\/"},"modified":"2026-02-25T09:34:25","modified_gmt":"2026-02-25T08:34:25","slug":"newsletter-subscription-management","status":"publish","type":"page","link":"https:\/\/www.domainedekeryel.fr\/en\/newsletter-subscription-management\/","title":{"rendered":"Newsletter: Subscription Management"},"content":{"rendered":"\t\t<div data-elementor-type=\"wp-page\" data-elementor-id=\"4602\" class=\"elementor elementor-4602 elementor-469\" data-elementor-post-type=\"page\">\n\t\t\t\t<div class=\"elementor-element elementor-element-8bcbd01 e-flex e-con-boxed e-con e-parent\" data-id=\"8bcbd01\" data-element_type=\"container\" data-e-type=\"container\">\n\t\t\t\t\t<div class=\"e-con-inner\">\n\t\t\t\t<div class=\"elementor-element elementor-element-73f11cb elementor-widget elementor-widget-heading\" data-id=\"73f11cb\" data-element_type=\"widget\" data-e-type=\"widget\" data-widget_type=\"heading.default\">\n\t\t\t\t<div class=\"elementor-widget-container\">\n\t\t\t\t\t<h1 class=\"elementor-heading-title elementor-size-default\">Manage your newsletter subscription<\/h1>\t\t\t\t<\/div>\n\t\t\t\t<\/div>\n\t\t\t\t<div class=\"elementor-element elementor-element-e8e6a94 elementor-widget elementor-widget-heading\" data-id=\"e8e6a94\" data-element_type=\"widget\" data-e-type=\"widget\" data-widget_type=\"heading.default\">\n\t\t\t\t<div class=\"elementor-widget-container\">\n\t\t\t\t\t<div class=\"elementor-heading-title elementor-size-default\">Manage your subscription <\/br>to our newsletter<\/div>\t\t\t\t<\/div>\n\t\t\t\t<\/div>\n\t\t\t\t<div class=\"elementor-element elementor-element-2aed500 elementor-widget elementor-widget-text-editor\" data-id=\"2aed500\" data-element_type=\"widget\" data-e-type=\"widget\" data-widget_type=\"text-editor.default\">\n\t\t\t\t<div class=\"elementor-widget-container\">\n\t\t\t\t\t\t\t\t\t<p>Choose the news you want to receive!<\/p>\t\t\t\t\t\t\t\t<\/div>\n\t\t\t\t<\/div>\n\t\t\t\t<div class=\"elementor-element elementor-element-39ab5a3 elementor-widget elementor-widget-shortcode\" data-id=\"39ab5a3\" data-element_type=\"widget\" data-e-type=\"widget\" data-widget_type=\"shortcode.default\">\n\t\t\t\t<div class=\"elementor-widget-container\">\n\t\t\t\t\t\t\t<div class=\"elementor-shortcode\">Subscription management form is only available to mailing lists subscribers.<\/div>\n\t\t\t\t\t\t<\/div>\n\t\t\t\t<\/div>\n\t\t\t\t<div class=\"elementor-element elementor-element-a30203a elementor-widget elementor-widget-premium-addon-image-button\" data-id=\"a30203a\" data-element_type=\"widget\" data-e-type=\"widget\" data-widget_type=\"premium-addon-image-button.default\">\n\t\t\t\t<div class=\"elementor-widget-container\">\n\t\t\t\t\t\n\t\t<a class=\"premium-image-button-none premium-image-button premium-btn-lg premium-image-button-none\" href=\"https:\/\/www.domainedekeryel.fr\/en\/\" title=\"Revenir \u00e0 l&#039;accueil du site\">\n\t\t\t<div class=\"premium-image-button-text-icon-wrapper\">\n\n\t\t\t\t\n\t\t\t\t\t\t\t\t\t<span >\n\t\t\t\t\t\tBack to home\t\t\t\t\t<\/span>\n\t\t\t\t\n\t\t\t<\/div>\n\n\t\t\t\n\t\t\t\n\t\t\t\n\t\t<\/a>\n\n\t\t\t\t\t\t<\/div>\n\t\t\t\t<\/div>\n\t\t\t\t\t<\/div>\n\t\t\t\t<\/div>\n\t\t\t\t<\/div>\n\t\t","protected":false},"excerpt":{"rendered":"<p>Manage your newsletter subscription Manage your subscription to our newsletter Choose the news you want to receive! Back to home<\/p>\n","protected":false},"author":2,"featured_media":0,"parent":0,"menu_order":13,"comment_status":"closed","ping_status":"closed","template":"","meta":{"_seopress_robots_primary_cat":"","_seopress_titles_title":"Manage your newsletter subscription | Domaine de K\u00e9ryel","_seopress_titles_desc":"Access the newsletter settings for Domaine de K\u00e9ryel in Plougonvelin, Finist\u00e8re.","_seopress_robots_index":"","footnotes":""},"class_list":["post-4602","page","type-page","status-publish"],"_links":{"self":[{"href":"https:\/\/www.domainedekeryel.fr\/en\/wp-json\/wp\/v2\/pages\/4602","targetHints":{"allow":["GET"]}}],"collection":[{"href":"https:\/\/www.domainedekeryel.fr\/en\/wp-json\/wp\/v2\/pages"}],"about":[{"href":"https:\/\/www.domainedekeryel.fr\/en\/wp-json\/wp\/v2\/types\/page"}],"author":[{"embeddable":true,"href":"https:\/\/www.domainedekeryel.fr\/en\/wp-json\/wp\/v2\/users\/2"}],"replies":[{"embeddable":true,"href":"https:\/\/www.domainedekeryel.fr\/en\/wp-json\/wp\/v2\/comments?post=4602"}],"version-history":[{"count":1,"href":"https:\/\/www.domainedekeryel.fr\/en\/wp-json\/wp\/v2\/pages\/4602\/revisions"}],"predecessor-version":[{"id":4604,"href":"https:\/\/www.domainedekeryel.fr\/en\/wp-json\/wp\/v2\/pages\/4602\/revisions\/4604"}],"wp:attachment":[{"href":"https:\/\/www.domainedekeryel.fr\/en\/wp-json\/wp\/v2\/media?parent=4602"}],"curies":[{"name":"wp","href":"https:\/\/api.w.org\/{rel}","templated":true}]}}