{"id":4620,"date":"2025-09-24T12:52:08","date_gmt":"2025-09-24T10:52:08","guid":{"rendered":"https:\/\/www.domainedekeryel.fr\/newsletter-abonnementbestaetigung\/"},"modified":"2026-03-25T17:35:13","modified_gmt":"2026-03-25T16:35:13","slug":"newsletter-abonnementbestaetigung","status":"publish","type":"page","link":"https:\/\/www.domainedekeryel.fr\/de\/newsletter-abonnementbestaetigung\/","title":{"rendered":"Newsletter: Abonnementbest\u00e4tigung"},"content":{"rendered":"\t\t<div data-elementor-type=\"wp-page\" data-elementor-id=\"4620\" class=\"elementor elementor-4620 elementor-504\" data-elementor-post-type=\"page\">\n\t\t\t\t<div class=\"elementor-element elementor-element-d938b36 e-flex e-con-boxed e-con e-parent\" data-id=\"d938b36\" data-element_type=\"container\" data-e-type=\"container\">\n\t\t\t\t\t<div class=\"e-con-inner\">\n\t\t\t\t<div class=\"elementor-element elementor-element-a42e1b2 elementor-widget elementor-widget-heading\" data-id=\"a42e1b2\" data-element_type=\"widget\" data-e-type=\"widget\" data-widget_type=\"heading.default\">\n\t\t\t\t<div class=\"elementor-widget-container\">\n\t\t\t\t\t<h1 class=\"elementor-heading-title elementor-size-default\">Best\u00e4tigung Ihres Newsletter-Abonnements<\/h1>\t\t\t\t<\/div>\n\t\t\t\t<\/div>\n\t\t\t\t<div class=\"elementor-element elementor-element-4799c47 elementor-widget elementor-widget-heading\" data-id=\"4799c47\" data-element_type=\"widget\" data-e-type=\"widget\" data-widget_type=\"heading.default\">\n\t\t\t\t<div class=\"elementor-widget-container\">\n\t\t\t\t\t<div class=\"elementor-heading-title elementor-size-default\">Es ist offiziell, Sie sind Teil des Abenteuers!<\/div>\t\t\t\t<\/div>\n\t\t\t\t<\/div>\n\t\t\t\t<div class=\"elementor-element elementor-element-1fa309f elementor-widget__width-initial elementor-widget elementor-widget-text-editor\" data-id=\"1fa309f\" data-element_type=\"widget\" data-e-type=\"widget\" data-widget_type=\"text-editor.default\">\n\t\t\t\t<div class=\"elementor-widget-container\">\n\t\t\t\t\t\t\t\t\t<p>Wir freuen uns sehr, Sie in unserer Gemeinschaft begr\u00fc\u00dfen zu d\u00fcrfen. Ihr Abonnement ist uns sehr wichtig, und wir k\u00f6nnen es kaum erwarten, unsere neuesten Updates, Tipps und exklusiven Angebote mit Ihnen zu teilen.  <\/p>\t\t\t\t\t\t\t\t<\/div>\n\t\t\t\t<\/div>\n\t\t\t\t<div class=\"elementor-element elementor-element-5de7111 elementor-widget__width-initial elementor-widget elementor-widget-text-editor\" data-id=\"5de7111\" data-element_type=\"widget\" data-e-type=\"widget\" data-widget_type=\"text-editor.default\">\n\t\t\t\t<div class=\"elementor-widget-container\">\n\t\t\t\t\t\t\t\t\t<p>Z\u00f6gern Sie nicht, uns zu kontaktieren, wenn Sie Fragen oder Anregungen haben. Wir sind hier, um Ihr Erlebnis mit uns au\u00dfergew\u00f6hnlich zu gestalten! <\/p>\t\t\t\t\t\t\t\t<\/div>\n\t\t\t\t<\/div>\n\t\t\t\t<div class=\"elementor-element elementor-element-e11892e elementor-widget elementor-widget-premium-addon-image-button\" data-id=\"e11892e\" data-element_type=\"widget\" data-e-type=\"widget\" data-widget_type=\"premium-addon-image-button.default\">\n\t\t\t\t<div class=\"elementor-widget-container\">\n\t\t\t\t\t\n\t\t<a class=\"premium-image-button-none premium-image-button premium-btn-lg premium-image-button-none\" href=\"https:\/\/www.domainedekeryel.fr\/de\/\" title=\"Revenir \u00e0 l&#039;accueil du site\">\n\t\t\t<div class=\"premium-image-button-text-icon-wrapper\">\n\n\t\t\t\t\n\t\t\t\t\t\t\t\t\t<span >\n\t\t\t\t\t\tZur Startseite zur\u00fcckkehren\t\t\t\t\t<\/span>\n\t\t\t\t\n\t\t\t<\/div>\n\n\t\t\t\n\t\t\t\n\t\t\t\n\t\t<\/a>\n\n\t\t\t\t\t\t<\/div>\n\t\t\t\t<\/div>\n\t\t\t\t\t<\/div>\n\t\t\t\t<\/div>\n\t\t\t\t<\/div>\n\t\t","protected":false},"excerpt":{"rendered":"<p>Best\u00e4tigung Ihres Newsletter-Abonnements Es ist offiziell, Sie sind Teil des Abenteuers! Wir freuen uns sehr, Sie in unserer Gemeinschaft begr\u00fc\u00dfen zu d\u00fcrfen. Ihr Abonnement ist uns sehr wichtig, und wir k\u00f6nnen es kaum erwarten, unsere neuesten Updates, Tipps und exklusiven Angebote mit Ihnen zu teilen. Z\u00f6gern Sie nicht, uns zu kontaktieren, wenn Sie Fragen oder [&hellip;]<\/p>\n","protected":false},"author":2,"featured_media":0,"parent":0,"menu_order":11,"comment_status":"closed","ping_status":"closed","template":"","meta":{"_seopress_robots_primary_cat":"","_seopress_titles_title":"Best\u00e4tigen Sie Ihr Newsletter-Abonnement | Domaine de K\u00e9ryel","_seopress_titles_desc":"Ihre Anmeldung zum Newsletter des Domaine de K\u00e9ryel in Plougonvelin, Finist\u00e8re, ist best\u00e4tigt.","_seopress_robots_index":"","footnotes":""},"class_list":["post-4620","page","type-page","status-publish"],"_links":{"self":[{"href":"https:\/\/www.domainedekeryel.fr\/de\/wp-json\/wp\/v2\/pages\/4620","targetHints":{"allow":["GET"]}}],"collection":[{"href":"https:\/\/www.domainedekeryel.fr\/de\/wp-json\/wp\/v2\/pages"}],"about":[{"href":"https:\/\/www.domainedekeryel.fr\/de\/wp-json\/wp\/v2\/types\/page"}],"author":[{"embeddable":true,"href":"https:\/\/www.domainedekeryel.fr\/de\/wp-json\/wp\/v2\/users\/2"}],"replies":[{"embeddable":true,"href":"https:\/\/www.domainedekeryel.fr\/de\/wp-json\/wp\/v2\/comments?post=4620"}],"version-history":[{"count":3,"href":"https:\/\/www.domainedekeryel.fr\/de\/wp-json\/wp\/v2\/pages\/4620\/revisions"}],"predecessor-version":[{"id":5446,"href":"https:\/\/www.domainedekeryel.fr\/de\/wp-json\/wp\/v2\/pages\/4620\/revisions\/5446"}],"wp:attachment":[{"href":"https:\/\/www.domainedekeryel.fr\/de\/wp-json\/wp\/v2\/media?parent=4620"}],"curies":[{"name":"wp","href":"https:\/\/api.w.org\/{rel}","templated":true}]}}