{"id":4612,"date":"2025-09-24T12:44:55","date_gmt":"2025-09-24T10:44:55","guid":{"rendered":"https:\/\/www.domainedekeryel.fr\/newsletter-abmelden\/"},"modified":"2026-02-25T09:35:03","modified_gmt":"2026-02-25T08:35:03","slug":"newsletter-abmelden","status":"publish","type":"page","link":"https:\/\/www.domainedekeryel.fr\/de\/newsletter-abmelden\/","title":{"rendered":"Newsletter: Abmelden"},"content":{"rendered":"\t\t<div data-elementor-type=\"wp-page\" data-elementor-id=\"4612\" class=\"elementor elementor-4612 elementor-478\" data-elementor-post-type=\"page\">\n\t\t\t\t<div class=\"elementor-element elementor-element-6f9ec1f e-flex e-con-boxed e-con e-parent\" data-id=\"6f9ec1f\" data-element_type=\"container\" data-e-type=\"container\">\n\t\t\t\t\t<div class=\"e-con-inner\">\n\t\t\t\t<div class=\"elementor-element elementor-element-d5a900b elementor-widget elementor-widget-heading\" data-id=\"d5a900b\" data-element_type=\"widget\" data-e-type=\"widget\" data-widget_type=\"heading.default\">\n\t\t\t\t<div class=\"elementor-widget-container\">\n\t\t\t\t\t<h1 class=\"elementor-heading-title elementor-size-default\">Unseren Newsletter abbestellen<\/h1>\t\t\t\t<\/div>\n\t\t\t\t<\/div>\n\t\t\t\t<div class=\"elementor-element elementor-element-41ddedc elementor-widget elementor-widget-heading\" data-id=\"41ddedc\" data-element_type=\"widget\" data-e-type=\"widget\" data-widget_type=\"heading.default\">\n\t\t\t\t<div class=\"elementor-widget-container\">\n\t\t\t\t\t<div class=\"elementor-heading-title elementor-size-default\">M\u00f6chten Sie uns wirklich verlassen?<\/div>\t\t\t\t<\/div>\n\t\t\t\t<\/div>\n\t\t\t\t<div class=\"elementor-element elementor-element-224e57e elementor-widget__width-initial elementor-widget elementor-widget-text-editor\" data-id=\"224e57e\" data-element_type=\"widget\" data-e-type=\"widget\" data-widget_type=\"text-editor.default\">\n\t\t\t\t<div class=\"elementor-widget-container\">\n\t\t\t\t\t\t\t\t\t<p>Wir w\u00e4ren wirklich traurig, Sie das Abenteuer verlassen zu sehen\u2026<br data-start=\"362\" data-end=\"365\">Wenn Sie sich abmelden, erhalten Sie unsere Neuigkeiten, Tipps und kleinen \u00dcberraschungen nicht mehr per E-Mail.<\/p>\t\t\t\t\t\t\t\t<\/div>\n\t\t\t\t<\/div>\n\t\t\t\t<div class=\"elementor-element elementor-element-d19bd8a elementor-widget__width-initial elementor-widget elementor-widget-text-editor\" data-id=\"d19bd8a\" data-element_type=\"widget\" data-e-type=\"widget\" data-widget_type=\"text-editor.default\">\n\t\t\t\t<div class=\"elementor-widget-container\">\n\t\t\t\t\t\t\t\t\t<p>Aber keine Sorge: Wenn Sie das wirklich m\u00f6chten, klicken Sie einfach unten, um zu best\u00e4tigen.<\/p>\t\t\t\t\t\t\t\t<\/div>\n\t\t\t\t<\/div>\n\t\t\t\t<div class=\"elementor-element elementor-element-ef49f4c elementor-widget elementor-widget-shortcode\" data-id=\"ef49f4c\" data-element_type=\"widget\" data-e-type=\"widget\" data-widget_type=\"shortcode.default\">\n\t\t\t\t<div class=\"elementor-widget-container\">\n\t\t\t\t\t\t\t<div class=\"elementor-shortcode\">[mailpoet_page]<\/div>\n\t\t\t\t\t\t<\/div>\n\t\t\t\t<\/div>\n\t\t<div class=\"elementor-element elementor-element-63b29e5 e-con-full e-flex e-con e-child\" data-id=\"63b29e5\" data-element_type=\"container\" data-e-type=\"container\">\n\t\t\t\t<div class=\"elementor-element elementor-element-51e8331 elementor-widget elementor-widget-premium-addon-image-button\" data-id=\"51e8331\" data-element_type=\"widget\" data-e-type=\"widget\" data-widget_type=\"premium-addon-image-button.default\">\n\t\t\t\t<div class=\"elementor-widget-container\">\n\t\t\t\t\t\n\t\t<a class=\"premium-image-button-none premium-image-button premium-btn-lg premium-image-button-none\" href=\"https:\/\/www.domainedekeryel.fr\/de\/\" title=\"Revenir \u00e0 l&#039;accueil du site\">\n\t\t\t<div class=\"premium-image-button-text-icon-wrapper\">\n\n\t\t\t\t\n\t\t\t\t\t\t\t\t\t<span >\n\t\t\t\t\t\tZur\u00fcck zur Startseite\t\t\t\t\t<\/span>\n\t\t\t\t\n\t\t\t<\/div>\n\n\t\t\t\n\t\t\t\n\t\t\t\n\t\t<\/a>\n\n\t\t\t\t\t\t<\/div>\n\t\t\t\t<\/div>\n\t\t\t\t<\/div>\n\t\t\t\t\t<\/div>\n\t\t\t\t<\/div>\n\t\t\t\t<\/div>\n\t\t","protected":false},"excerpt":{"rendered":"<p>Unseren Newsletter abbestellen M\u00f6chten Sie uns wirklich verlassen? Wir w\u00e4ren wirklich traurig, Sie das Abenteuer verlassen zu sehen\u2026Wenn Sie sich abmelden, erhalten Sie unsere Neuigkeiten, Tipps und kleinen \u00dcberraschungen nicht mehr per E-Mail. Aber keine Sorge: Wenn Sie das wirklich m\u00f6chten, klicken Sie einfach unten, um zu best\u00e4tigen. [mailpoet_page] Zur\u00fcck zur Startseite<\/p>\n","protected":false},"author":2,"featured_media":0,"parent":0,"menu_order":14,"comment_status":"closed","ping_status":"closed","template":"","meta":{"_seopress_robots_primary_cat":"","_seopress_titles_title":"Newsletter-Abmeldung abschlie\u00dfen | Domaine de K\u00e9ryel","_seopress_titles_desc":"Schlie\u00dfen Sie Ihre Abmeldung vom Newsletter des Domaine de K\u00e9ryel ab, gelegen in Plougonvelin in der Bretagne.","_seopress_robots_index":"","footnotes":""},"class_list":["post-4612","page","type-page","status-publish"],"_links":{"self":[{"href":"https:\/\/www.domainedekeryel.fr\/de\/wp-json\/wp\/v2\/pages\/4612","targetHints":{"allow":["GET"]}}],"collection":[{"href":"https:\/\/www.domainedekeryel.fr\/de\/wp-json\/wp\/v2\/pages"}],"about":[{"href":"https:\/\/www.domainedekeryel.fr\/de\/wp-json\/wp\/v2\/types\/page"}],"author":[{"embeddable":true,"href":"https:\/\/www.domainedekeryel.fr\/de\/wp-json\/wp\/v2\/users\/2"}],"replies":[{"embeddable":true,"href":"https:\/\/www.domainedekeryel.fr\/de\/wp-json\/wp\/v2\/comments?post=4612"}],"version-history":[{"count":1,"href":"https:\/\/www.domainedekeryel.fr\/de\/wp-json\/wp\/v2\/pages\/4612\/revisions"}],"predecessor-version":[{"id":4613,"href":"https:\/\/www.domainedekeryel.fr\/de\/wp-json\/wp\/v2\/pages\/4612\/revisions\/4613"}],"wp:attachment":[{"href":"https:\/\/www.domainedekeryel.fr\/de\/wp-json\/wp\/v2\/media?parent=4612"}],"curies":[{"name":"wp","href":"https:\/\/api.w.org\/{rel}","templated":true}]}}