{"id":4603,"date":"2025-09-24T12:47:23","date_gmt":"2025-09-24T10:47:23","guid":{"rendered":"https:\/\/www.domainedekeryel.fr\/newsletter-abmeldebestaetigung\/"},"modified":"2026-02-25T09:34:26","modified_gmt":"2026-02-25T08:34:26","slug":"newsletter-abmeldebestaetigung","status":"publish","type":"page","link":"https:\/\/www.domainedekeryel.fr\/de\/newsletter-abmeldebestaetigung\/","title":{"rendered":"Newsletter: Abmeldebest\u00e4tigung"},"content":{"rendered":"\t\t<div data-elementor-type=\"wp-page\" data-elementor-id=\"4603\" class=\"elementor elementor-4603 elementor-488\" data-elementor-post-type=\"page\">\n\t\t\t\t<div class=\"elementor-element elementor-element-e1859a8 e-flex e-con-boxed e-con e-parent\" data-id=\"e1859a8\" data-element_type=\"container\" data-e-type=\"container\">\n\t\t\t\t\t<div class=\"e-con-inner\">\n\t\t\t\t<div class=\"elementor-element elementor-element-e102740 elementor-widget elementor-widget-heading\" data-id=\"e102740\" data-element_type=\"widget\" data-e-type=\"widget\" data-widget_type=\"heading.default\">\n\t\t\t\t<div class=\"elementor-widget-container\">\n\t\t\t\t\t<h1 class=\"elementor-heading-title elementor-size-default\">Abmeldebest\u00e4tigung f\u00fcr unseren Newsletter<\/h1>\t\t\t\t<\/div>\n\t\t\t\t<\/div>\n\t\t\t\t<div class=\"elementor-element elementor-element-75b6aa6 elementor-widget elementor-widget-heading\" data-id=\"75b6aa6\" data-element_type=\"widget\" data-e-type=\"widget\" data-widget_type=\"heading.default\">\n\t\t\t\t<div class=\"elementor-widget-container\">\n\t\t\t\t\t<div class=\"elementor-heading-title elementor-size-default\">Erledigt!<\/div>\t\t\t\t<\/div>\n\t\t\t\t<\/div>\n\t\t\t\t<div class=\"elementor-element elementor-element-87db736 elementor-widget__width-initial elementor-widget elementor-widget-text-editor\" data-id=\"87db736\" data-element_type=\"widget\" data-e-type=\"widget\" data-widget_type=\"text-editor.default\">\n\t\t\t\t<div class=\"elementor-widget-container\">\n\t\t\t\t\t\t\t\t\t<p>Sie haben sich erfolgreich von unserem Newsletter abgemeldet.<br>Wir bedauern es, Sie gehen zu sehen, hoffen aber, Sie bald wieder bei uns begr\u00fc\u00dfen zu d\u00fcrfen!<\/p>\t\t\t\t\t\t\t\t<\/div>\n\t\t\t\t<\/div>\n\t\t\t\t<div class=\"elementor-element elementor-element-d2d9190 elementor-widget__width-initial elementor-widget elementor-widget-text-editor\" data-id=\"d2d9190\" data-element_type=\"widget\" data-e-type=\"widget\" data-widget_type=\"text-editor.default\">\n\t\t\t\t<div class=\"elementor-widget-container\">\n\t\t\t\t\t\t\t\t\t<p>In der Zwischenzeit k\u00f6nnen Sie unsere Neuigkeiten weiterhin in den sozialen Medien verfolgen &#8230; und falls Sie Ihre Meinung \u00e4ndern, k\u00f6nnen Sie sich selbstverst\u00e4ndlich jederzeit wieder anmelden.<\/p>\t\t\t\t\t\t\t\t<\/div>\n\t\t\t\t<\/div>\n\t\t\t\t<div class=\"elementor-element elementor-element-d251864 elementor-widget elementor-widget-shortcode\" data-id=\"d251864\" data-element_type=\"widget\" data-e-type=\"widget\" data-widget_type=\"shortcode.default\">\n\t\t\t\t<div class=\"elementor-widget-container\">\n\t\t\t\t\t\t\t<div class=\"elementor-shortcode\">[mailpoet_page]<\/div>\n\t\t\t\t\t\t<\/div>\n\t\t\t\t<\/div>\n\t\t\t\t<div class=\"elementor-element elementor-element-4c382e9 elementor-widget elementor-widget-premium-addon-image-button\" data-id=\"4c382e9\" data-element_type=\"widget\" data-e-type=\"widget\" data-widget_type=\"premium-addon-image-button.default\">\n\t\t\t\t<div class=\"elementor-widget-container\">\n\t\t\t\t\t\n\t\t<a class=\"premium-image-button-none premium-image-button premium-btn-lg premium-image-button-none\" href=\"https:\/\/www.domainedekeryel.fr\/de\/\" title=\"Revenir \u00e0 l&#039;accueil du site\">\n\t\t\t<div class=\"premium-image-button-text-icon-wrapper\">\n\n\t\t\t\t\n\t\t\t\t\t\t\t\t\t<span >\n\t\t\t\t\t\tZur\u00fcck zur Startseite\t\t\t\t\t<\/span>\n\t\t\t\t\n\t\t\t<\/div>\n\n\t\t\t\n\t\t\t\n\t\t\t\n\t\t<\/a>\n\n\t\t\t\t\t\t<\/div>\n\t\t\t\t<\/div>\n\t\t\t\t\t<\/div>\n\t\t\t\t<\/div>\n\t\t\t\t<\/div>\n\t\t","protected":false},"excerpt":{"rendered":"<p>Abmeldebest\u00e4tigung f\u00fcr unseren Newsletter Erledigt! Sie haben sich erfolgreich von unserem Newsletter abgemeldet.Wir bedauern es, Sie gehen zu sehen, hoffen aber, Sie bald wieder bei uns begr\u00fc\u00dfen zu d\u00fcrfen! In der Zwischenzeit k\u00f6nnen Sie unsere Neuigkeiten weiterhin in den sozialen Medien verfolgen &#8230; und falls Sie Ihre Meinung \u00e4ndern, k\u00f6nnen Sie sich selbstverst\u00e4ndlich jederzeit wieder [&hellip;]<\/p>\n","protected":false},"author":2,"featured_media":0,"parent":0,"menu_order":12,"comment_status":"closed","ping_status":"closed","template":"","meta":{"_seopress_robots_primary_cat":"","_seopress_titles_title":"Ihre Abmeldung best\u00e4tigen | Domaine de K\u00e9ryel","_seopress_titles_desc":"Ihre Abmeldung vom Newsletter des Domaine de K\u00e9ryel, gelegen in Plougonvelin, Bretagne, wurde erfolgreich bearbeitet.","_seopress_robots_index":"","footnotes":""},"class_list":["post-4603","page","type-page","status-publish"],"_links":{"self":[{"href":"https:\/\/www.domainedekeryel.fr\/de\/wp-json\/wp\/v2\/pages\/4603","targetHints":{"allow":["GET"]}}],"collection":[{"href":"https:\/\/www.domainedekeryel.fr\/de\/wp-json\/wp\/v2\/pages"}],"about":[{"href":"https:\/\/www.domainedekeryel.fr\/de\/wp-json\/wp\/v2\/types\/page"}],"author":[{"embeddable":true,"href":"https:\/\/www.domainedekeryel.fr\/de\/wp-json\/wp\/v2\/users\/2"}],"replies":[{"embeddable":true,"href":"https:\/\/www.domainedekeryel.fr\/de\/wp-json\/wp\/v2\/comments?post=4603"}],"version-history":[{"count":1,"href":"https:\/\/www.domainedekeryel.fr\/de\/wp-json\/wp\/v2\/pages\/4603\/revisions"}],"predecessor-version":[{"id":4605,"href":"https:\/\/www.domainedekeryel.fr\/de\/wp-json\/wp\/v2\/pages\/4603\/revisions\/4605"}],"wp:attachment":[{"href":"https:\/\/www.domainedekeryel.fr\/de\/wp-json\/wp\/v2\/media?parent=4603"}],"curies":[{"name":"wp","href":"https:\/\/api.w.org\/{rel}","templated":true}]}}