{"id":4596,"date":"2023-07-20T15:16:17","date_gmt":"2023-07-20T13:16:17","guid":{"rendered":"https:\/\/www.domainedekeryel.fr\/impressum\/"},"modified":"2026-03-25T17:32:33","modified_gmt":"2026-03-25T16:32:33","slug":"impressum","status":"publish","type":"page","link":"https:\/\/www.domainedekeryel.fr\/de\/impressum\/","title":{"rendered":"Impressum"},"content":{"rendered":"\t\t<div data-elementor-type=\"wp-page\" data-elementor-id=\"4596\" class=\"elementor elementor-4596 elementor-12\" data-elementor-post-type=\"page\">\n\t\t\t\t<div class=\"elementor-element elementor-element-037eaa7 e-con-full e-flex e-con e-parent\" data-id=\"037eaa7\" data-element_type=\"container\" data-e-type=\"container\" data-settings=\"{&quot;background_background&quot;:&quot;classic&quot;}\">\n\t\t<div class=\"elementor-element elementor-element-c0626af e-flex e-con-boxed e-con e-child\" data-id=\"c0626af\" data-element_type=\"container\" data-e-type=\"container\" data-settings=\"{&quot;background_background&quot;:&quot;classic&quot;}\">\n\t\t\t\t\t<div class=\"e-con-inner\">\n\t\t\t\t<div class=\"elementor-element elementor-element-f9d5467 elementor-widget elementor-widget-heading\" data-id=\"f9d5467\" data-element_type=\"widget\" data-e-type=\"widget\" data-widget_type=\"heading.default\">\n\t\t\t\t<div class=\"elementor-widget-container\">\n\t\t\t\t\t<h1 class=\"elementor-heading-title elementor-size-default\">Impressum<\/h1>\t\t\t\t<\/div>\n\t\t\t\t<\/div>\n\t\t\t\t<div class=\"elementor-element elementor-element-d0d1b9d elementor-widget elementor-widget-sp-breadcrumbs\" data-id=\"d0d1b9d\" data-element_type=\"widget\" data-e-type=\"widget\" data-widget_type=\"sp-breadcrumbs.default\">\n\t\t\t\t<div class=\"elementor-widget-container\">\n\t\t\t\t\t<nav  aria-label=\"Brotkrumen\"><ol class=\"breadcrumb\" itemscope itemtype=\"https:\/\/schema.org\/BreadcrumbList\"><li class=\"breadcrumb-item active\" aria-current=\"page\" itemprop=\"itemListElement\" itemscope itemtype=\"https:\/\/schema.org\/ListItem\"><span itemprop=\"name\">Accueil<\/span><meta itemprop=\"position\" content=\"1\"><\/li><\/ol><\/nav>\t\t\t\t<\/div>\n\t\t\t\t<\/div>\n\t\t\t\t\t<\/div>\n\t\t\t\t<\/div>\n\t\t\t\t<\/div>\n\t\t<div class=\"elementor-element elementor-element-7ff21dd e-flex e-con-boxed e-con e-parent\" data-id=\"7ff21dd\" data-element_type=\"container\" data-e-type=\"container\">\n\t\t\t\t\t<div class=\"e-con-inner\">\n\t\t\t\t<div class=\"elementor-element elementor-element-edb18fe elementor-widget elementor-widget-heading\" data-id=\"edb18fe\" data-element_type=\"widget\" data-e-type=\"widget\" data-widget_type=\"heading.default\">\n\t\t\t\t<div class=\"elementor-widget-container\">\n\t\t\t\t\t<h2 class=\"elementor-heading-title elementor-size-default\">Herausgeber der Website<\/h2>\t\t\t\t<\/div>\n\t\t\t\t<\/div>\n\t\t\t\t<div class=\"elementor-element elementor-element-1e0102f elementor-widget elementor-widget-text-editor\" data-id=\"1e0102f\" data-element_type=\"widget\" data-e-type=\"widget\" data-widget_type=\"text-editor.default\">\n\t\t\t\t<div class=\"elementor-widget-container\">\n\t\t\t\t\t\t\t\t\t<p><b>DOMAINE DE KERYEL<\/b><\/p><p>1985 Route de Lochrist<br>29217 &#8211; PLOUGONVELIN<\/p><p><br>Tel.: <strong><a title=\"Domaine de K\u00e9ryel anrufen\" href=\"tel:+33783200201\">07 83 200 201<\/a><\/strong><br>E-Mail: <a title=\"E-Mail an Domaine de K\u00e9ryel senden\" href=\"mailto:contact@domainedekeryel.fr\"><strong>contact@domainedekeryel.fr<\/strong><\/a><\/p>\t\t\t\t\t\t\t\t<\/div>\n\t\t\t\t<\/div>\n\t\t\t\t<div class=\"elementor-element elementor-element-11e1e94 elementor-widget elementor-widget-heading\" data-id=\"11e1e94\" data-element_type=\"widget\" data-e-type=\"widget\" data-widget_type=\"heading.default\">\n\t\t\t\t<div class=\"elementor-widget-container\">\n\t\t\t\t\t<h2 class=\"elementor-heading-title elementor-size-default\">Verantwortlicher f\u00fcr die Ver\u00f6ffentlichung<\/h2>\t\t\t\t<\/div>\n\t\t\t\t<\/div>\n\t\t\t\t<div class=\"elementor-element elementor-element-2203b61 elementor-widget elementor-widget-text-editor\" data-id=\"2203b61\" data-element_type=\"widget\" data-e-type=\"widget\" data-widget_type=\"text-editor.default\">\n\t\t\t\t<div class=\"elementor-widget-container\">\n\t\t\t\t\t\t\t\t\t<p><strong>David SALIOU,<\/strong><br>Pr\u00e4sident der S.A.S Domaine de K\u00e9ryel<\/p><p>S.A.S. mit einem Stammkapital von 47.000 \u20ac, eingetragen im Handelsregister von BREST unter der Nr. 918 630 773.<br>Gesetzlicher Vertreter: Herr David SALIOU.<\/p>\t\t\t\t\t\t\t\t<\/div>\n\t\t\t\t<\/div>\n\t\t\t\t<div class=\"elementor-element elementor-element-78c7325 elementor-widget elementor-widget-heading\" data-id=\"78c7325\" data-element_type=\"widget\" data-e-type=\"widget\" data-widget_type=\"heading.default\">\n\t\t\t\t<div class=\"elementor-widget-container\">\n\t\t\t\t\t<h2 class=\"elementor-heading-title elementor-size-default\">Konzeption und Erstellung der Website<\/h2>\t\t\t\t<\/div>\n\t\t\t\t<\/div>\n\t\t\t\t<div class=\"elementor-element elementor-element-91ade29 elementor-widget elementor-widget-text-editor\" data-id=\"91ade29\" data-element_type=\"widget\" data-e-type=\"widget\" data-widget_type=\"text-editor.default\">\n\t\t\t\t<div class=\"elementor-widget-container\">\n\t\t\t\t\t\t\t\t\t<p><strong>JUST DO WEB<\/strong><br>1 rue des Marli\u00e8res<br>59710 AVELIN<\/p><p>Telefon: <a href=\"tel:+33320112543\"><strong>03 20 11 25 43<\/strong><\/a><br>Website: <strong><a href=\"https:\/\/www.just-do-web.fr\" target=\"_blank\" rel=\"noopener\">www.just-do-web.fr<\/a><br><\/strong>Kontaktieren Sie uns:<a href=\"mailto:contact@just-do-web.fr\"><strong> contact@just-do-web.fr<\/strong><\/a><\/p>\t\t\t\t\t\t\t\t<\/div>\n\t\t\t\t<\/div>\n\t\t\t\t<div class=\"elementor-element elementor-element-2ac7b99 elementor-widget elementor-widget-heading\" data-id=\"2ac7b99\" data-element_type=\"widget\" data-e-type=\"widget\" data-widget_type=\"heading.default\">\n\t\t\t\t<div class=\"elementor-widget-container\">\n\t\t\t\t\t<h2 class=\"elementor-heading-title elementor-size-default\">Hosting der Website<\/h2>\t\t\t\t<\/div>\n\t\t\t\t<\/div>\n\t\t\t\t<div class=\"elementor-element elementor-element-7d58850 elementor-widget elementor-widget-text-editor\" data-id=\"7d58850\" data-element_type=\"widget\" data-e-type=\"widget\" data-widget_type=\"text-editor.default\">\n\t\t\t\t<div class=\"elementor-widget-container\">\n\t\t\t\t\t\t\t\t\t<p><strong>WP SERVEUR SAS<\/strong>, <br>134 Avenue du pr\u00e9sident Wilson<br>93100 MONTREUIL<\/p>\t\t\t\t\t\t\t\t<\/div>\n\t\t\t\t<\/div>\n\t\t\t\t<div class=\"elementor-element elementor-element-f02d76f elementor-widget elementor-widget-heading\" data-id=\"f02d76f\" data-element_type=\"widget\" data-e-type=\"widget\" data-widget_type=\"heading.default\">\n\t\t\t\t<div class=\"elementor-widget-container\">\n\t\t\t\t\t<h2 class=\"elementor-heading-title elementor-size-default\">Datenschutzgesetz<\/h2>\t\t\t\t<\/div>\n\t\t\t\t<\/div>\n\t\t\t\t<div class=\"elementor-element elementor-element-9f99b93 custom-list elementor-widget elementor-widget-text-editor\" data-id=\"9f99b93\" data-element_type=\"widget\" data-e-type=\"widget\" data-widget_type=\"text-editor.default\">\n\t\t\t\t<div class=\"elementor-widget-container\">\n\t\t\t\t\t\t\t\t\t<p>Gem\u00e4\u00df dem franz\u00f6sischen Datenschutzgesetz vom 6. Januar 1978 verf\u00fcgt der Kunde \u00fcber ein Recht auf Zugang, \u00c4nderung, Berichtigung und L\u00f6schung der ihn betreffenden personenbezogenen Daten, das am Sitz der Gesellschaft <strong>DOMAINE DE KERYEL<\/strong> unter folgender Adresse ausge\u00fcbt werden kann:<\/p><ul><li>Per E-Mail: <a title=\"Domaine de K\u00e9ryel kontaktieren\" href=\"mailto:contact@domainedekeryel.fr\"><strong>Kontaktieren Sie uns<\/strong><\/a><\/li><li>Per Post:<br>DOMAINE DE KERYEL<br>1985 Route de Lochrist<br>29217 &#8211; PLOUGONVELIN<\/li><\/ul>\t\t\t\t\t\t\t\t<\/div>\n\t\t\t\t<\/div>\n\t\t\t\t<div class=\"elementor-element elementor-element-708a77c elementor-widget elementor-widget-heading\" data-id=\"708a77c\" data-element_type=\"widget\" data-e-type=\"widget\" data-widget_type=\"heading.default\">\n\t\t\t\t<div class=\"elementor-widget-container\">\n\t\t\t\t\t<h2 class=\"elementor-heading-title elementor-size-default\">\u00c4nderungen<\/h2>\t\t\t\t<\/div>\n\t\t\t\t<\/div>\n\t\t\t\t<div class=\"elementor-element elementor-element-f47aab1 elementor-widget elementor-widget-text-editor\" data-id=\"f47aab1\" data-element_type=\"widget\" data-e-type=\"widget\" data-widget_type=\"text-editor.default\">\n\t\t\t\t<div class=\"elementor-widget-container\">\n\t\t\t\t\t\t\t\t\tDie Gesellschaft <strong>DOMAINE DE KERYEL<\/strong> beh\u00e4lt sich das Recht vor, die Website einschlie\u00dflich dieser Allgemeinen Gesch\u00e4ftsbedingungen jederzeit und ohne Vorank\u00fcndigung zu \u00e4ndern.\n\nF\u00fcr weitere Informationen: <a title=\"Domaine de K\u00e9ryel kontaktieren\" href=\"mailto:contact@domainedekeryel.fr\"><strong>Kontaktieren Sie uns<\/strong><\/a>.\t\t\t\t\t\t\t\t<\/div>\n\t\t\t\t<\/div>\n\t\t\t\t\t<\/div>\n\t\t\t\t<\/div>\n\t\t\t\t<\/div>\n\t\t","protected":false},"excerpt":{"rendered":"<p>Impressum Accueil Herausgeber der Website DOMAINE DE KERYEL 1985 Route de Lochrist29217 &#8211; PLOUGONVELIN Tel.: 07 83 200 201E-Mail: contact@domainedekeryel.fr Verantwortlicher f\u00fcr die Ver\u00f6ffentlichung David SALIOU,Pr\u00e4sident der S.A.S Domaine de K\u00e9ryel S.A.S. mit einem Stammkapital von 47.000 \u20ac, eingetragen im Handelsregister von BREST unter der Nr. 918 630 773.Gesetzlicher Vertreter: Herr David SALIOU. Konzeption und [&hellip;]<\/p>\n","protected":false},"author":2,"featured_media":0,"parent":0,"menu_order":9,"comment_status":"closed","ping_status":"closed","template":"elementor_header_footer","meta":{"_seopress_robots_primary_cat":"","_seopress_titles_title":"Impressum einsehen | Domaine de K\u00e9ryel","_seopress_titles_desc":"Zugriff auf die rechtlichen Informationen zum Domaine de K\u00e9ryel, einer Einrichtung in Plougonvelin, Finist\u00e8re.","_seopress_robots_index":"","footnotes":""},"class_list":["post-4596","page","type-page","status-publish"],"_links":{"self":[{"href":"https:\/\/www.domainedekeryel.fr\/de\/wp-json\/wp\/v2\/pages\/4596","targetHints":{"allow":["GET"]}}],"collection":[{"href":"https:\/\/www.domainedekeryel.fr\/de\/wp-json\/wp\/v2\/pages"}],"about":[{"href":"https:\/\/www.domainedekeryel.fr\/de\/wp-json\/wp\/v2\/types\/page"}],"author":[{"embeddable":true,"href":"https:\/\/www.domainedekeryel.fr\/de\/wp-json\/wp\/v2\/users\/2"}],"replies":[{"embeddable":true,"href":"https:\/\/www.domainedekeryel.fr\/de\/wp-json\/wp\/v2\/comments?post=4596"}],"version-history":[{"count":2,"href":"https:\/\/www.domainedekeryel.fr\/de\/wp-json\/wp\/v2\/pages\/4596\/revisions"}],"predecessor-version":[{"id":5361,"href":"https:\/\/www.domainedekeryel.fr\/de\/wp-json\/wp\/v2\/pages\/4596\/revisions\/5361"}],"wp:attachment":[{"href":"https:\/\/www.domainedekeryel.fr\/de\/wp-json\/wp\/v2\/media?parent=4596"}],"curies":[{"name":"wp","href":"https:\/\/api.w.org\/{rel}","templated":true}]}}