{"id":4578,"date":"2023-07-20T16:16:17","date_gmt":"2023-07-20T14:16:17","guid":{"rendered":"https:\/\/www.domainedekeryel.fr\/sitemap\/"},"modified":"2026-03-25T17:34:18","modified_gmt":"2026-03-25T16:34:18","slug":"sitemap","status":"publish","type":"page","link":"https:\/\/www.domainedekeryel.fr\/de\/sitemap\/","title":{"rendered":"Sitemap"},"content":{"rendered":"\t\t<div data-elementor-type=\"wp-page\" data-elementor-id=\"4578\" class=\"elementor elementor-4578 elementor-32\" data-elementor-post-type=\"page\">\n\t\t\t\t<div class=\"elementor-element elementor-element-491f426 e-con-full e-flex e-con e-parent\" data-id=\"491f426\" data-element_type=\"container\" data-e-type=\"container\" data-settings=\"{&quot;background_background&quot;:&quot;classic&quot;}\">\n\t\t<div class=\"elementor-element elementor-element-173d425 e-flex e-con-boxed e-con e-child\" data-id=\"173d425\" data-element_type=\"container\" data-e-type=\"container\" data-settings=\"{&quot;background_background&quot;:&quot;classic&quot;}\">\n\t\t\t\t\t<div class=\"e-con-inner\">\n\t\t\t\t<div class=\"elementor-element elementor-element-8bb4aba elementor-widget elementor-widget-heading\" data-id=\"8bb4aba\" data-element_type=\"widget\" data-e-type=\"widget\" data-widget_type=\"heading.default\">\n\t\t\t\t<div class=\"elementor-widget-container\">\n\t\t\t\t\t<h1 class=\"elementor-heading-title elementor-size-default\">Sitemap<\/h1>\t\t\t\t<\/div>\n\t\t\t\t<\/div>\n\t\t\t\t<div class=\"elementor-element elementor-element-11f74b1 elementor-widget elementor-widget-sp-breadcrumbs\" data-id=\"11f74b1\" data-element_type=\"widget\" data-e-type=\"widget\" data-widget_type=\"sp-breadcrumbs.default\">\n\t\t\t\t<div class=\"elementor-widget-container\">\n\t\t\t\t\t<nav  aria-label=\"Brotkrumen\"><ol class=\"breadcrumb\" itemscope itemtype=\"https:\/\/schema.org\/BreadcrumbList\"><li class=\"breadcrumb-item active\" aria-current=\"page\" itemprop=\"itemListElement\" itemscope itemtype=\"https:\/\/schema.org\/ListItem\"><span itemprop=\"name\">Accueil<\/span><meta itemprop=\"position\" content=\"1\"><\/li><\/ol><\/nav>\t\t\t\t<\/div>\n\t\t\t\t<\/div>\n\t\t\t\t\t<\/div>\n\t\t\t\t<\/div>\n\t\t\t\t<\/div>\n\t\t<div class=\"elementor-element elementor-element-4833ae7 e-flex e-con-boxed e-con e-parent\" data-id=\"4833ae7\" data-element_type=\"container\" data-e-type=\"container\">\n\t\t\t\t\t<div class=\"e-con-inner\">\n\t\t\t\t<div class=\"elementor-element elementor-element-036ebb7 plan-site custom-list elementor-widget elementor-widget-shortcode\" data-id=\"036ebb7\" data-element_type=\"widget\" data-e-type=\"widget\" data-widget_type=\"shortcode.default\">\n\t\t\t\t<div class=\"elementor-widget-container\">\n\t\t\t\t\t\t\t<div class=\"elementor-shortcode\"><div class=\"wrap-html-sitemap sp-html-sitemap\"><div class=\"sp-wrap-cpt\"><h2 class=\"sp-cpt-name\">Seiten<\/h2><ul class=\"sp-list-posts sp-cpt-hierarchical\"><li class=\"page_item page-item-4738\"><a href=\"https:\/\/www.domainedekeryel.fr\/de\/aktivitaeten\/\">Aktivit\u00e4ten<\/a><\/li><li class=\"page_item page-item-4818\"><a href=\"https:\/\/www.domainedekeryel.fr\/de\/unsere-unterkuenfte\/\">Unsere Unterk\u00fcnfte<\/a><ul class='children'><li class=\"page_item page-item-4967\"><a href=\"https:\/\/www.domainedekeryel.fr\/de\/unsere-unterkuenfte\/mobilheim-louisiane-flores\/\">Mobilheim Louisiane Flores<\/a><\/li><li class=\"page_item page-item-4906\"><a href=\"https:\/\/www.domainedekeryel.fr\/de\/unsere-unterkuenfte\/carre-detoiles\/\">Carr\u00e9 d\u2019\u00c9toiles<\/a><\/li><li class=\"page_item page-item-4949\"><a href=\"https:\/\/www.domainedekeryel.fr\/de\/unsere-unterkuenfte\/bauwagen\/\">Zigeuner-Wohnwagen<\/a><\/li><li class=\"page_item page-item-4879\"><a href=\"https:\/\/www.domainedekeryel.fr\/de\/unsere-unterkuenfte\/mobilheim-louisianne-oakley\/\">Mobilheim Louisianne Oakley<\/a><\/li><li class=\"page_item page-item-4790\"><a href=\"https:\/\/www.domainedekeryel.fr\/de\/unsere-unterkuenfte\/ty-fouen\/\">Ty Fouen<\/a><\/li><li class=\"page_item page-item-4848\"><a href=\"https:\/\/www.domainedekeryel.fr\/de\/unsere-unterkuenfte\/kraou-zaout\/\">Kraou Zaout<\/a><\/li><li class=\"page_item page-item-4802\"><a href=\"https:\/\/www.domainedekeryel.fr\/de\/unsere-unterkuenfte\/ty-fourn\/\">Ty-Fourn<\/a><\/li><li class=\"page_item page-item-4952\"><a href=\"https:\/\/www.domainedekeryel.fr\/de\/unsere-unterkuenfte\/ty-podat\/\">Ty-Podat<\/a><\/li><li class=\"page_item page-item-4798\"><a href=\"https:\/\/www.domainedekeryel.fr\/de\/unsere-unterkuenfte\/kraou-kezeg\/\">Kraou Kezeg<\/a><\/li><\/ul><\/li><li class=\"page_item page-item-4770\"><a href=\"https:\/\/www.domainedekeryel.fr\/de\/der-campingplatz\/\">Der Campingplatz<\/a><\/li><li class=\"page_item page-item-4677\"><a href=\"https:\/\/www.domainedekeryel.fr\/de\/empfangssaal\/\">Veranstaltungssaal<\/a><\/li><li class=\"page_item page-item-4714\"><a href=\"https:\/\/www.domainedekeryel.fr\/de\/das-anwesen\/\">Das Anwesen<\/a><\/li><li class=\"page_item page-item-4620\"><a href=\"https:\/\/www.domainedekeryel.fr\/de\/newsletter-abonnementbestaetigung\/\">Newsletter: Abonnementbest\u00e4tigung<\/a><\/li><li class=\"page_item page-item-4603\"><a href=\"https:\/\/www.domainedekeryel.fr\/de\/newsletter-abmeldebestaetigung\/\">Newsletter: Abmeldebest\u00e4tigung<\/a><\/li><li class=\"page_item page-item-4612\"><a href=\"https:\/\/www.domainedekeryel.fr\/de\/newsletter-abmelden\/\">Newsletter: Abmelden<\/a><\/li><li class=\"page_item page-item-4614\"><a href=\"https:\/\/www.domainedekeryel.fr\/de\/newsletter-abonnement-verwalten\/\">Newsletter: Abonnement verwalten<\/a><\/li><li class=\"page_item page-item-4593\"><a href=\"https:\/\/www.domainedekeryel.fr\/de\/kontaktbestaetigung\/\">Kontaktbest\u00e4tigung<\/a><\/li><li class=\"page_item page-item-4624\"><a href=\"https:\/\/www.domainedekeryel.fr\/de\/kontakt\/\">Kontakt<\/a><\/li><li class=\"page_item page-item-4068\"><a href=\"https:\/\/www.domainedekeryel.fr\/de\/\">Startseite<\/a><\/li><li class=\"page_item page-item-4596\"><a href=\"https:\/\/www.domainedekeryel.fr\/de\/impressum\/\">Impressum<\/a><\/li><\/ul><\/div><div class=\"sp-wrap-cpt\"><h2 class=\"sp-cpt-name\">Beitr\u00e4ge<\/h2><ul class=\"sp-list-posts\"><li><a href=\"https:\/\/www.domainedekeryel.fr\/de\/saalvermietung-in-plougonvelin-ihre-veranstaltung-im-finistere\/\">Saalvermietung in Plougonvelin: Ihre Veranstaltung im Finist\u00e8re<\/a> - 6 Februar 2026<\/li><\/ul><\/div><\/div><\/div>\n\t\t\t\t\t\t<\/div>\n\t\t\t\t<\/div>\n\t\t\t\t\t<\/div>\n\t\t\t\t<\/div>\n\t\t\t\t<\/div>\n\t\t","protected":false},"excerpt":{"rendered":"<p>Sitemap Accueil<\/p>\n","protected":false},"author":2,"featured_media":0,"parent":0,"menu_order":10,"comment_status":"closed","ping_status":"closed","template":"elementor_header_footer","meta":{"_seopress_robots_primary_cat":"","_seopress_titles_title":"Zur Sitemap | Domaine de K\u00e9ryel","_seopress_titles_desc":"Finden Sie alle Seiten des Domaine de K\u00e9ryel in Plougonvelin, Bretagne, \u00fcber die Sitemap.","_seopress_robots_index":"","footnotes":""},"class_list":["post-4578","page","type-page","status-publish"],"_links":{"self":[{"href":"https:\/\/www.domainedekeryel.fr\/de\/wp-json\/wp\/v2\/pages\/4578","targetHints":{"allow":["GET"]}}],"collection":[{"href":"https:\/\/www.domainedekeryel.fr\/de\/wp-json\/wp\/v2\/pages"}],"about":[{"href":"https:\/\/www.domainedekeryel.fr\/de\/wp-json\/wp\/v2\/types\/page"}],"author":[{"embeddable":true,"href":"https:\/\/www.domainedekeryel.fr\/de\/wp-json\/wp\/v2\/users\/2"}],"replies":[{"embeddable":true,"href":"https:\/\/www.domainedekeryel.fr\/de\/wp-json\/wp\/v2\/comments?post=4578"}],"version-history":[{"count":2,"href":"https:\/\/www.domainedekeryel.fr\/de\/wp-json\/wp\/v2\/pages\/4578\/revisions"}],"predecessor-version":[{"id":5366,"href":"https:\/\/www.domainedekeryel.fr\/de\/wp-json\/wp\/v2\/pages\/4578\/revisions\/5366"}],"wp:attachment":[{"href":"https:\/\/www.domainedekeryel.fr\/de\/wp-json\/wp\/v2\/media?parent=4578"}],"curies":[{"name":"wp","href":"https:\/\/api.w.org\/{rel}","templated":true}]}}